{"id":1938,"date":"2024-09-13T10:14:38","date_gmt":"2024-09-13T08:14:38","guid":{"rendered":"https:\/\/landreko.eu\/es\/?page_id=1938"},"modified":"2024-11-07T09:01:35","modified_gmt":"2024-11-07T08:01:35","slug":"recipiente-a-presion-var-5000-8-j","status":"publish","type":"page","link":"https:\/\/landreko.eu\/es\/nuestra-oferta\/recipientes-a-presion-y-de-vacio\/recipientes-verticales-para-aire-comprimido-nitrogeno-y-argon\/2-500-5-000-litros\/recipiente-a-presion-var-5000-8-j\/","title":{"rendered":"Recipiente a presi\u00f3n VAR-5000-8-J"},"content":{"rendered":"","protected":false},"excerpt":{"rendered":"","protected":false},"author":3,"featured_media":1942,"parent":1070,"menu_order":22,"comment_status":"closed","ping_status":"closed","template":"","meta":{"footnotes":""},"class_list":["post-1938","page","type-page","status-publish","has-post-thumbnail","hentry"],"yoast_head":"<!-- This site is optimized with the Yoast SEO Premium plugin v22.6 (Yoast SEO v27.3) - https:\/\/yoast.com\/product\/yoast-seo-premium-wordpress\/ -->\n<title>Dep\u00f3sitos de presi\u00f3n Alicante | Recipiente VAR-5000-8-J<\/title>\n<meta name=\"description\" content=\"Recipiente a presi\u00f3n para aire comprimido, arg\u00f3n, nitr\u00f3geno a granel Land Reko\u00ae VAR-5000-8-J | Dep\u00f3sitos a presi\u00f3n Alicante\" \/>\n<meta name=\"robots\" content=\"index, follow, max-snippet:-1, max-image-preview:large, max-video-preview:-1\" \/>\n<link rel=\"canonical\" href=\"https:\/\/landreko.eu\/es\/nuestra-oferta\/recipientes-a-presion-y-de-vacio\/recipientes-verticales-para-aire-comprimido-nitrogeno-y-argon\/2-500-5-000-litros\/recipiente-a-presion-var-5000-8-j\/\" \/>\n<meta property=\"og:locale\" content=\"es_ES\" \/>\n<meta property=\"og:type\" content=\"article\" \/>\n<meta property=\"og:title\" content=\"Recipiente a presi\u00f3n VAR-5000-8-J\" \/>\n<meta property=\"og:description\" content=\"Recipiente a presi\u00f3n para aire comprimido, arg\u00f3n, nitr\u00f3geno a granel Land Reko\u00ae VAR-5000-8-J | Dep\u00f3sitos a presi\u00f3n Alicante\" \/>\n<meta property=\"og:url\" content=\"https:\/\/landreko.eu\/es\/nuestra-oferta\/recipientes-a-presion-y-de-vacio\/recipientes-verticales-para-aire-comprimido-nitrogeno-y-argon\/2-500-5-000-litros\/recipiente-a-presion-var-5000-8-j\/\" \/>\n<meta property=\"og:site_name\" content=\"Land Reko Fabricante de Recipientes a Presi\u00f3n y M\u00e1quinas de Granallado\" \/>\n<meta property=\"article:modified_time\" content=\"2024-11-07T08:01:35+00:00\" \/>\n<meta property=\"og:image\" content=\"https:\/\/landreko.eu\/es\/wp-content\/uploads\/sites\/5\/2024\/09\/zbiornik_land_reko_var_5000_8_j_001.webp\" \/>\n\t<meta property=\"og:image:width\" content=\"800\" \/>\n\t<meta property=\"og:image:height\" content=\"800\" \/>\n\t<meta property=\"og:image:type\" content=\"image\/webp\" \/>\n<meta name=\"twitter:card\" content=\"summary_large_image\" \/>\n<meta name=\"twitter:label1\" content=\"Tiempo de lectura\" \/>\n\t<meta name=\"twitter:data1\" content=\"5 minutos\" \/>\n<script type=\"application\/ld+json\" class=\"yoast-schema-graph\">{\"@context\":\"https:\\\/\\\/schema.org\",\"@graph\":[{\"@type\":\"WebPage\",\"@id\":\"https:\\\/\\\/landreko.eu\\\/es\\\/nuestra-oferta\\\/recipientes-a-presion-y-de-vacio\\\/recipientes-verticales-para-aire-comprimido-nitrogeno-y-argon\\\/2-500-5-000-litros\\\/recipiente-a-presion-var-5000-8-j\\\/\",\"url\":\"https:\\\/\\\/landreko.eu\\\/es\\\/nuestra-oferta\\\/recipientes-a-presion-y-de-vacio\\\/recipientes-verticales-para-aire-comprimido-nitrogeno-y-argon\\\/2-500-5-000-litros\\\/recipiente-a-presion-var-5000-8-j\\\/\",\"name\":\"Dep\u00f3sitos de presi\u00f3n Alicante | Recipiente VAR-5000-8-J\",\"isPartOf\":{\"@id\":\"https:\\\/\\\/landreko.eu\\\/es\\\/#website\"},\"primaryImageOfPage\":{\"@id\":\"https:\\\/\\\/landreko.eu\\\/es\\\/nuestra-oferta\\\/recipientes-a-presion-y-de-vacio\\\/recipientes-verticales-para-aire-comprimido-nitrogeno-y-argon\\\/2-500-5-000-litros\\\/recipiente-a-presion-var-5000-8-j\\\/#primaryimage\"},\"image\":{\"@id\":\"https:\\\/\\\/landreko.eu\\\/es\\\/nuestra-oferta\\\/recipientes-a-presion-y-de-vacio\\\/recipientes-verticales-para-aire-comprimido-nitrogeno-y-argon\\\/2-500-5-000-litros\\\/recipiente-a-presion-var-5000-8-j\\\/#primaryimage\"},\"thumbnailUrl\":\"https:\\\/\\\/landreko.eu\\\/es\\\/wp-content\\\/uploads\\\/sites\\\/5\\\/2024\\\/09\\\/zbiornik_land_reko_var_5000_8_j_001.webp\",\"datePublished\":\"2024-09-13T08:14:38+00:00\",\"dateModified\":\"2024-11-07T08:01:35+00:00\",\"description\":\"Recipiente a presi\u00f3n para aire comprimido, arg\u00f3n, nitr\u00f3geno a granel Land Reko\u00ae VAR-5000-8-J | Dep\u00f3sitos a presi\u00f3n Alicante\",\"breadcrumb\":{\"@id\":\"https:\\\/\\\/landreko.eu\\\/es\\\/nuestra-oferta\\\/recipientes-a-presion-y-de-vacio\\\/recipientes-verticales-para-aire-comprimido-nitrogeno-y-argon\\\/2-500-5-000-litros\\\/recipiente-a-presion-var-5000-8-j\\\/#breadcrumb\"},\"inLanguage\":\"es\",\"potentialAction\":[{\"@type\":\"ReadAction\",\"target\":[\"https:\\\/\\\/landreko.eu\\\/es\\\/nuestra-oferta\\\/recipientes-a-presion-y-de-vacio\\\/recipientes-verticales-para-aire-comprimido-nitrogeno-y-argon\\\/2-500-5-000-litros\\\/recipiente-a-presion-var-5000-8-j\\\/\"]}]},{\"@type\":\"ImageObject\",\"inLanguage\":\"es\",\"@id\":\"https:\\\/\\\/landreko.eu\\\/es\\\/nuestra-oferta\\\/recipientes-a-presion-y-de-vacio\\\/recipientes-verticales-para-aire-comprimido-nitrogeno-y-argon\\\/2-500-5-000-litros\\\/recipiente-a-presion-var-5000-8-j\\\/#primaryimage\",\"url\":\"https:\\\/\\\/landreko.eu\\\/es\\\/wp-content\\\/uploads\\\/sites\\\/5\\\/2024\\\/09\\\/zbiornik_land_reko_var_5000_8_j_001.webp\",\"contentUrl\":\"https:\\\/\\\/landreko.eu\\\/es\\\/wp-content\\\/uploads\\\/sites\\\/5\\\/2024\\\/09\\\/zbiornik_land_reko_var_5000_8_j_001.webp\",\"width\":800,\"height\":800,\"caption\":\"Recipiente vertical a presi\u00f3n Land Reko\u00ae VAR-5000-J\"},{\"@type\":\"BreadcrumbList\",\"@id\":\"https:\\\/\\\/landreko.eu\\\/es\\\/nuestra-oferta\\\/recipientes-a-presion-y-de-vacio\\\/recipientes-verticales-para-aire-comprimido-nitrogeno-y-argon\\\/2-500-5-000-litros\\\/recipiente-a-presion-var-5000-8-j\\\/#breadcrumb\",\"itemListElement\":[{\"@type\":\"ListItem\",\"position\":1,\"name\":\"Strona g\u0142\u00f3wna\",\"item\":\"https:\\\/\\\/landreko.eu\\\/es\\\/\"},{\"@type\":\"ListItem\",\"position\":2,\"name\":\"Nuestra oferta\",\"item\":\"https:\\\/\\\/landreko.eu\\\/es\\\/nuestra-oferta\\\/\"},{\"@type\":\"ListItem\",\"position\":3,\"name\":\"Recipientes a presi\u00f3n y de vac\u00edo\",\"item\":\"https:\\\/\\\/landreko.eu\\\/es\\\/nuestra-oferta\\\/recipientes-a-presion-y-de-vacio\\\/\"},{\"@type\":\"ListItem\",\"position\":4,\"name\":\"Recipientes verticales para aire comprimido, nitr\u00f3geno y arg\u00f3n\",\"item\":\"https:\\\/\\\/landreko.eu\\\/es\\\/nuestra-oferta\\\/recipientes-a-presion-y-de-vacio\\\/recipientes-verticales-para-aire-comprimido-nitrogeno-y-argon\\\/\"},{\"@type\":\"ListItem\",\"position\":5,\"name\":\"2 500 &#8211; 5 000 litros\",\"item\":\"https:\\\/\\\/landreko.eu\\\/es\\\/nuestra-oferta\\\/recipientes-a-presion-y-de-vacio\\\/recipientes-verticales-para-aire-comprimido-nitrogeno-y-argon\\\/2-500-5-000-litros\\\/\"},{\"@type\":\"ListItem\",\"position\":6,\"name\":\"Recipiente a presi\u00f3n VAR-5000-8-J\"}]},{\"@type\":\"WebSite\",\"@id\":\"https:\\\/\\\/landreko.eu\\\/es\\\/#website\",\"url\":\"https:\\\/\\\/landreko.eu\\\/es\\\/\",\"name\":\"Land Reko Fabricante de Recipientes a Presi\u00f3n y M\u00e1quinas de Granallado\",\"description\":\"\",\"publisher\":{\"@id\":\"https:\\\/\\\/landreko.eu\\\/es\\\/#organization\"},\"potentialAction\":[{\"@type\":\"SearchAction\",\"target\":{\"@type\":\"EntryPoint\",\"urlTemplate\":\"https:\\\/\\\/landreko.eu\\\/es\\\/?s={search_term_string}\"},\"query-input\":{\"@type\":\"PropertyValueSpecification\",\"valueRequired\":true,\"valueName\":\"search_term_string\"}}],\"inLanguage\":\"es\"},{\"@type\":\"Organization\",\"@id\":\"https:\\\/\\\/landreko.eu\\\/es\\\/#organization\",\"name\":\"Land Reko Fabricante de Recipientes a Presi\u00f3n y M\u00e1quinas de Granallado\",\"url\":\"https:\\\/\\\/landreko.eu\\\/es\\\/\",\"logo\":{\"@type\":\"ImageObject\",\"inLanguage\":\"es\",\"@id\":\"https:\\\/\\\/landreko.eu\\\/es\\\/#\\\/schema\\\/logo\\\/image\\\/\",\"url\":\"https:\\\/\\\/landreko.eu\\\/es\\\/wp-content\\\/uploads\\\/sites\\\/5\\\/2024\\\/06\\\/logo-landreko-r-last-version-1.webp\",\"contentUrl\":\"https:\\\/\\\/landreko.eu\\\/es\\\/wp-content\\\/uploads\\\/sites\\\/5\\\/2024\\\/06\\\/logo-landreko-r-last-version-1.webp\",\"width\":1736,\"height\":290,\"caption\":\"Land Reko Fabricante de Recipientes a Presi\u00f3n y M\u00e1quinas de Granallado\"},\"image\":{\"@id\":\"https:\\\/\\\/landreko.eu\\\/es\\\/#\\\/schema\\\/logo\\\/image\\\/\"}}]}<\/script>\n<!-- \/ Yoast SEO Premium plugin. -->","yoast_head_json":{"title":"Dep\u00f3sitos de presi\u00f3n Alicante | Recipiente VAR-5000-8-J","description":"Recipiente a presi\u00f3n para aire comprimido, arg\u00f3n, nitr\u00f3geno a granel Land Reko\u00ae VAR-5000-8-J | Dep\u00f3sitos a presi\u00f3n Alicante","robots":{"index":"index","follow":"follow","max-snippet":"max-snippet:-1","max-image-preview":"max-image-preview:large","max-video-preview":"max-video-preview:-1"},"canonical":"https:\/\/landreko.eu\/es\/nuestra-oferta\/recipientes-a-presion-y-de-vacio\/recipientes-verticales-para-aire-comprimido-nitrogeno-y-argon\/2-500-5-000-litros\/recipiente-a-presion-var-5000-8-j\/","og_locale":"es_ES","og_type":"article","og_title":"Recipiente a presi\u00f3n VAR-5000-8-J","og_description":"Recipiente a presi\u00f3n para aire comprimido, arg\u00f3n, nitr\u00f3geno a granel Land Reko\u00ae VAR-5000-8-J | Dep\u00f3sitos a presi\u00f3n Alicante","og_url":"https:\/\/landreko.eu\/es\/nuestra-oferta\/recipientes-a-presion-y-de-vacio\/recipientes-verticales-para-aire-comprimido-nitrogeno-y-argon\/2-500-5-000-litros\/recipiente-a-presion-var-5000-8-j\/","og_site_name":"Land Reko Fabricante de Recipientes a Presi\u00f3n y M\u00e1quinas de Granallado","article_modified_time":"2024-11-07T08:01:35+00:00","og_image":[{"width":800,"height":800,"url":"https:\/\/landreko.eu\/es\/wp-content\/uploads\/sites\/5\/2024\/09\/zbiornik_land_reko_var_5000_8_j_001.webp","type":"image\/webp"}],"twitter_card":"summary_large_image","twitter_misc":{"Tiempo de lectura":"5 minutos"},"schema":{"@context":"https:\/\/schema.org","@graph":[{"@type":"WebPage","@id":"https:\/\/landreko.eu\/es\/nuestra-oferta\/recipientes-a-presion-y-de-vacio\/recipientes-verticales-para-aire-comprimido-nitrogeno-y-argon\/2-500-5-000-litros\/recipiente-a-presion-var-5000-8-j\/","url":"https:\/\/landreko.eu\/es\/nuestra-oferta\/recipientes-a-presion-y-de-vacio\/recipientes-verticales-para-aire-comprimido-nitrogeno-y-argon\/2-500-5-000-litros\/recipiente-a-presion-var-5000-8-j\/","name":"Dep\u00f3sitos de presi\u00f3n Alicante | Recipiente VAR-5000-8-J","isPartOf":{"@id":"https:\/\/landreko.eu\/es\/#website"},"primaryImageOfPage":{"@id":"https:\/\/landreko.eu\/es\/nuestra-oferta\/recipientes-a-presion-y-de-vacio\/recipientes-verticales-para-aire-comprimido-nitrogeno-y-argon\/2-500-5-000-litros\/recipiente-a-presion-var-5000-8-j\/#primaryimage"},"image":{"@id":"https:\/\/landreko.eu\/es\/nuestra-oferta\/recipientes-a-presion-y-de-vacio\/recipientes-verticales-para-aire-comprimido-nitrogeno-y-argon\/2-500-5-000-litros\/recipiente-a-presion-var-5000-8-j\/#primaryimage"},"thumbnailUrl":"https:\/\/landreko.eu\/es\/wp-content\/uploads\/sites\/5\/2024\/09\/zbiornik_land_reko_var_5000_8_j_001.webp","datePublished":"2024-09-13T08:14:38+00:00","dateModified":"2024-11-07T08:01:35+00:00","description":"Recipiente a presi\u00f3n para aire comprimido, arg\u00f3n, nitr\u00f3geno a granel Land Reko\u00ae VAR-5000-8-J | Dep\u00f3sitos a presi\u00f3n Alicante","breadcrumb":{"@id":"https:\/\/landreko.eu\/es\/nuestra-oferta\/recipientes-a-presion-y-de-vacio\/recipientes-verticales-para-aire-comprimido-nitrogeno-y-argon\/2-500-5-000-litros\/recipiente-a-presion-var-5000-8-j\/#breadcrumb"},"inLanguage":"es","potentialAction":[{"@type":"ReadAction","target":["https:\/\/landreko.eu\/es\/nuestra-oferta\/recipientes-a-presion-y-de-vacio\/recipientes-verticales-para-aire-comprimido-nitrogeno-y-argon\/2-500-5-000-litros\/recipiente-a-presion-var-5000-8-j\/"]}]},{"@type":"ImageObject","inLanguage":"es","@id":"https:\/\/landreko.eu\/es\/nuestra-oferta\/recipientes-a-presion-y-de-vacio\/recipientes-verticales-para-aire-comprimido-nitrogeno-y-argon\/2-500-5-000-litros\/recipiente-a-presion-var-5000-8-j\/#primaryimage","url":"https:\/\/landreko.eu\/es\/wp-content\/uploads\/sites\/5\/2024\/09\/zbiornik_land_reko_var_5000_8_j_001.webp","contentUrl":"https:\/\/landreko.eu\/es\/wp-content\/uploads\/sites\/5\/2024\/09\/zbiornik_land_reko_var_5000_8_j_001.webp","width":800,"height":800,"caption":"Recipiente vertical a presi\u00f3n Land Reko\u00ae VAR-5000-J"},{"@type":"BreadcrumbList","@id":"https:\/\/landreko.eu\/es\/nuestra-oferta\/recipientes-a-presion-y-de-vacio\/recipientes-verticales-para-aire-comprimido-nitrogeno-y-argon\/2-500-5-000-litros\/recipiente-a-presion-var-5000-8-j\/#breadcrumb","itemListElement":[{"@type":"ListItem","position":1,"name":"Strona g\u0142\u00f3wna","item":"https:\/\/landreko.eu\/es\/"},{"@type":"ListItem","position":2,"name":"Nuestra oferta","item":"https:\/\/landreko.eu\/es\/nuestra-oferta\/"},{"@type":"ListItem","position":3,"name":"Recipientes a presi\u00f3n y de vac\u00edo","item":"https:\/\/landreko.eu\/es\/nuestra-oferta\/recipientes-a-presion-y-de-vacio\/"},{"@type":"ListItem","position":4,"name":"Recipientes verticales para aire comprimido, nitr\u00f3geno y arg\u00f3n","item":"https:\/\/landreko.eu\/es\/nuestra-oferta\/recipientes-a-presion-y-de-vacio\/recipientes-verticales-para-aire-comprimido-nitrogeno-y-argon\/"},{"@type":"ListItem","position":5,"name":"2 500 &#8211; 5 000 litros","item":"https:\/\/landreko.eu\/es\/nuestra-oferta\/recipientes-a-presion-y-de-vacio\/recipientes-verticales-para-aire-comprimido-nitrogeno-y-argon\/2-500-5-000-litros\/"},{"@type":"ListItem","position":6,"name":"Recipiente a presi\u00f3n VAR-5000-8-J"}]},{"@type":"WebSite","@id":"https:\/\/landreko.eu\/es\/#website","url":"https:\/\/landreko.eu\/es\/","name":"Land Reko Fabricante de Recipientes a Presi\u00f3n y M\u00e1quinas de Granallado","description":"","publisher":{"@id":"https:\/\/landreko.eu\/es\/#organization"},"potentialAction":[{"@type":"SearchAction","target":{"@type":"EntryPoint","urlTemplate":"https:\/\/landreko.eu\/es\/?s={search_term_string}"},"query-input":{"@type":"PropertyValueSpecification","valueRequired":true,"valueName":"search_term_string"}}],"inLanguage":"es"},{"@type":"Organization","@id":"https:\/\/landreko.eu\/es\/#organization","name":"Land Reko Fabricante de Recipientes a Presi\u00f3n y M\u00e1quinas de Granallado","url":"https:\/\/landreko.eu\/es\/","logo":{"@type":"ImageObject","inLanguage":"es","@id":"https:\/\/landreko.eu\/es\/#\/schema\/logo\/image\/","url":"https:\/\/landreko.eu\/es\/wp-content\/uploads\/sites\/5\/2024\/06\/logo-landreko-r-last-version-1.webp","contentUrl":"https:\/\/landreko.eu\/es\/wp-content\/uploads\/sites\/5\/2024\/06\/logo-landreko-r-last-version-1.webp","width":1736,"height":290,"caption":"Land Reko Fabricante de Recipientes a Presi\u00f3n y M\u00e1quinas de Granallado"},"image":{"@id":"https:\/\/landreko.eu\/es\/#\/schema\/logo\/image\/"}}]}},"_links":{"self":[{"href":"https:\/\/landreko.eu\/es\/wp-json\/wp\/v2\/pages\/1938","targetHints":{"allow":["GET"]}}],"collection":[{"href":"https:\/\/landreko.eu\/es\/wp-json\/wp\/v2\/pages"}],"about":[{"href":"https:\/\/landreko.eu\/es\/wp-json\/wp\/v2\/types\/page"}],"author":[{"embeddable":true,"href":"https:\/\/landreko.eu\/es\/wp-json\/wp\/v2\/users\/3"}],"replies":[{"embeddable":true,"href":"https:\/\/landreko.eu\/es\/wp-json\/wp\/v2\/comments?post=1938"}],"version-history":[{"count":5,"href":"https:\/\/landreko.eu\/es\/wp-json\/wp\/v2\/pages\/1938\/revisions"}],"predecessor-version":[{"id":5322,"href":"https:\/\/landreko.eu\/es\/wp-json\/wp\/v2\/pages\/1938\/revisions\/5322"}],"up":[{"embeddable":true,"href":"https:\/\/landreko.eu\/es\/wp-json\/wp\/v2\/pages\/1070"}],"wp:featuredmedia":[{"embeddable":true,"href":"https:\/\/landreko.eu\/es\/wp-json\/wp\/v2\/media\/1942"}],"wp:attachment":[{"href":"https:\/\/landreko.eu\/es\/wp-json\/wp\/v2\/media?parent=1938"}],"curies":[{"name":"wp","href":"https:\/\/api.w.org\/{rel}","templated":true}]}}