{"id":1512,"date":"2024-08-02T11:51:11","date_gmt":"2024-08-02T09:51:11","guid":{"rendered":"https:\/\/landreko.eu\/fr\/?page_id=1512"},"modified":"2024-09-05T10:55:06","modified_gmt":"2024-09-05T08:55:06","slug":"reservoir-sous-pression-var-2500-14-j-galvanise","status":"publish","type":"page","link":"https:\/\/landreko.eu\/fr\/notre-offre\/reservoirs-sous-pression-et-sous-vide\/reservoirs-verticaux-pour-air-comprime-azote-et-argon\/2-500-5-000-litres\/reservoir-sous-pression-var-2500-14-j-galvanise\/","title":{"rendered":"R\u00e9servoir sous pression VAR-2500-14-J Galvanis\u00e9"},"content":{"rendered":"","protected":false},"excerpt":{"rendered":"","protected":false},"author":3,"featured_media":1497,"parent":624,"menu_order":10,"comment_status":"closed","ping_status":"closed","template":"","meta":{"footnotes":""},"class_list":["post-1512","page","type-page","status-publish","has-post-thumbnail","hentry"],"yoast_head":"<!-- This site is optimized with the Yoast SEO Premium plugin v22.6 (Yoast SEO v27.3) - https:\/\/yoast.com\/product\/yoast-seo-premium-wordpress\/ -->\n<title>R\u00e9cipients sous pression Lille | Land Reko\u00ae<\/title>\n<meta name=\"description\" content=\"R\u00e9servoir pour air comprim\u00e9, argon, azote, eau et mat\u00e9riaux en vrac jusqu&#039;\u00e0 100 000 litres Land Reko\u00ae | R\u00e9cipients sous pression Lille\" \/>\n<meta name=\"robots\" content=\"index, follow, max-snippet:-1, max-image-preview:large, max-video-preview:-1\" \/>\n<link rel=\"canonical\" href=\"https:\/\/landreko.eu\/fr\/notre-offre\/reservoirs-sous-pression-et-sous-vide\/reservoirs-verticaux-pour-air-comprime-azote-et-argon\/2-500-5-000-litres\/reservoir-sous-pression-var-2500-14-j-galvanise\/\" \/>\n<meta property=\"og:locale\" content=\"fr_FR\" \/>\n<meta property=\"og:type\" content=\"article\" \/>\n<meta property=\"og:title\" content=\"R\u00e9servoir sous pression VAR-2500-14-J Galvanis\u00e9\" \/>\n<meta property=\"og:description\" content=\"R\u00e9servoir pour air comprim\u00e9, argon, azote, eau et mat\u00e9riaux en vrac jusqu&#039;\u00e0 100 000 litres Land Reko\u00ae | R\u00e9cipients sous pression Lille\" \/>\n<meta property=\"og:url\" content=\"https:\/\/landreko.eu\/fr\/notre-offre\/reservoirs-sous-pression-et-sous-vide\/reservoirs-verticaux-pour-air-comprime-azote-et-argon\/2-500-5-000-litres\/reservoir-sous-pression-var-2500-14-j-galvanise\/\" \/>\n<meta property=\"og:site_name\" content=\"Land Reko Fabricant de machines de grenaillage et de r\u00e9servoirs sous pression\" \/>\n<meta property=\"article:modified_time\" content=\"2024-09-05T08:55:06+00:00\" \/>\n<meta property=\"og:image\" content=\"https:\/\/landreko.eu\/fr\/wp-content\/uploads\/sites\/6\/2024\/08\/zbiornik_land_reko_var_2500_xx_j_0001.webp\" \/>\n\t<meta property=\"og:image:width\" content=\"800\" \/>\n\t<meta property=\"og:image:height\" content=\"800\" \/>\n\t<meta property=\"og:image:type\" content=\"image\/webp\" \/>\n<meta name=\"twitter:card\" content=\"summary_large_image\" \/>\n<meta name=\"twitter:label1\" content=\"Dur\u00e9e de lecture estim\u00e9e\" \/>\n\t<meta name=\"twitter:data1\" content=\"5 minutes\" \/>\n<script type=\"application\/ld+json\" class=\"yoast-schema-graph\">{\"@context\":\"https:\\\/\\\/schema.org\",\"@graph\":[{\"@type\":\"WebPage\",\"@id\":\"https:\\\/\\\/landreko.eu\\\/fr\\\/notre-offre\\\/reservoirs-sous-pression-et-sous-vide\\\/reservoirs-verticaux-pour-air-comprime-azote-et-argon\\\/2-500-5-000-litres\\\/reservoir-sous-pression-var-2500-14-j-galvanise\\\/\",\"url\":\"https:\\\/\\\/landreko.eu\\\/fr\\\/notre-offre\\\/reservoirs-sous-pression-et-sous-vide\\\/reservoirs-verticaux-pour-air-comprime-azote-et-argon\\\/2-500-5-000-litres\\\/reservoir-sous-pression-var-2500-14-j-galvanise\\\/\",\"name\":\"R\u00e9cipients sous pression Lille | Land Reko\u00ae\",\"isPartOf\":{\"@id\":\"https:\\\/\\\/landreko.eu\\\/fr\\\/#website\"},\"primaryImageOfPage\":{\"@id\":\"https:\\\/\\\/landreko.eu\\\/fr\\\/notre-offre\\\/reservoirs-sous-pression-et-sous-vide\\\/reservoirs-verticaux-pour-air-comprime-azote-et-argon\\\/2-500-5-000-litres\\\/reservoir-sous-pression-var-2500-14-j-galvanise\\\/#primaryimage\"},\"image\":{\"@id\":\"https:\\\/\\\/landreko.eu\\\/fr\\\/notre-offre\\\/reservoirs-sous-pression-et-sous-vide\\\/reservoirs-verticaux-pour-air-comprime-azote-et-argon\\\/2-500-5-000-litres\\\/reservoir-sous-pression-var-2500-14-j-galvanise\\\/#primaryimage\"},\"thumbnailUrl\":\"https:\\\/\\\/landreko.eu\\\/fr\\\/wp-content\\\/uploads\\\/sites\\\/6\\\/2024\\\/08\\\/zbiornik_land_reko_var_2500_xx_j_0001.webp\",\"datePublished\":\"2024-08-02T09:51:11+00:00\",\"dateModified\":\"2024-09-05T08:55:06+00:00\",\"description\":\"R\u00e9servoir pour air comprim\u00e9, argon, azote, eau et mat\u00e9riaux en vrac jusqu'\u00e0 100 000 litres Land Reko\u00ae | R\u00e9cipients sous pression Lille\",\"breadcrumb\":{\"@id\":\"https:\\\/\\\/landreko.eu\\\/fr\\\/notre-offre\\\/reservoirs-sous-pression-et-sous-vide\\\/reservoirs-verticaux-pour-air-comprime-azote-et-argon\\\/2-500-5-000-litres\\\/reservoir-sous-pression-var-2500-14-j-galvanise\\\/#breadcrumb\"},\"inLanguage\":\"fr-FR\",\"potentialAction\":[{\"@type\":\"ReadAction\",\"target\":[\"https:\\\/\\\/landreko.eu\\\/fr\\\/notre-offre\\\/reservoirs-sous-pression-et-sous-vide\\\/reservoirs-verticaux-pour-air-comprime-azote-et-argon\\\/2-500-5-000-litres\\\/reservoir-sous-pression-var-2500-14-j-galvanise\\\/\"]}]},{\"@type\":\"ImageObject\",\"inLanguage\":\"fr-FR\",\"@id\":\"https:\\\/\\\/landreko.eu\\\/fr\\\/notre-offre\\\/reservoirs-sous-pression-et-sous-vide\\\/reservoirs-verticaux-pour-air-comprime-azote-et-argon\\\/2-500-5-000-litres\\\/reservoir-sous-pression-var-2500-14-j-galvanise\\\/#primaryimage\",\"url\":\"https:\\\/\\\/landreko.eu\\\/fr\\\/wp-content\\\/uploads\\\/sites\\\/6\\\/2024\\\/08\\\/zbiornik_land_reko_var_2500_xx_j_0001.webp\",\"contentUrl\":\"https:\\\/\\\/landreko.eu\\\/fr\\\/wp-content\\\/uploads\\\/sites\\\/6\\\/2024\\\/08\\\/zbiornik_land_reko_var_2500_xx_j_0001.webp\",\"width\":800,\"height\":800,\"caption\":\"R\u00e9servoir sous pression vertical Land Reko\u00ae VAR-2500-J Galvanis\u00e9\"},{\"@type\":\"BreadcrumbList\",\"@id\":\"https:\\\/\\\/landreko.eu\\\/fr\\\/notre-offre\\\/reservoirs-sous-pression-et-sous-vide\\\/reservoirs-verticaux-pour-air-comprime-azote-et-argon\\\/2-500-5-000-litres\\\/reservoir-sous-pression-var-2500-14-j-galvanise\\\/#breadcrumb\",\"itemListElement\":[{\"@type\":\"ListItem\",\"position\":1,\"name\":\"Strona g\u0142\u00f3wna\",\"item\":\"https:\\\/\\\/landreko.eu\\\/fr\\\/\"},{\"@type\":\"ListItem\",\"position\":2,\"name\":\"Notre offre\",\"item\":\"https:\\\/\\\/landreko.eu\\\/fr\\\/notre-offre\\\/\"},{\"@type\":\"ListItem\",\"position\":3,\"name\":\"R\u00e9servoirs sous pression et sous vide\",\"item\":\"https:\\\/\\\/landreko.eu\\\/fr\\\/notre-offre\\\/reservoirs-sous-pression-et-sous-vide\\\/\"},{\"@type\":\"ListItem\",\"position\":4,\"name\":\"R\u00e9servoirs verticaux pour l\u2019air comprim\u00e9, l\u2019azote et l\u2019argon\",\"item\":\"https:\\\/\\\/landreko.eu\\\/fr\\\/notre-offre\\\/reservoirs-sous-pression-et-sous-vide\\\/reservoirs-verticaux-pour-air-comprime-azote-et-argon\\\/\"},{\"@type\":\"ListItem\",\"position\":5,\"name\":\"2 500 &#8211; 5 000 litres\",\"item\":\"https:\\\/\\\/landreko.eu\\\/fr\\\/notre-offre\\\/reservoirs-sous-pression-et-sous-vide\\\/reservoirs-verticaux-pour-air-comprime-azote-et-argon\\\/2-500-5-000-litres\\\/\"},{\"@type\":\"ListItem\",\"position\":6,\"name\":\"R\u00e9servoir sous pression VAR-2500-14-J Galvanis\u00e9\"}]},{\"@type\":\"WebSite\",\"@id\":\"https:\\\/\\\/landreko.eu\\\/fr\\\/#website\",\"url\":\"https:\\\/\\\/landreko.eu\\\/fr\\\/\",\"name\":\"Land Reko Fabricant de machines de grenaillage et de r\u00e9servoirs sous pression\",\"description\":\"\",\"potentialAction\":[{\"@type\":\"SearchAction\",\"target\":{\"@type\":\"EntryPoint\",\"urlTemplate\":\"https:\\\/\\\/landreko.eu\\\/fr\\\/?s={search_term_string}\"},\"query-input\":{\"@type\":\"PropertyValueSpecification\",\"valueRequired\":true,\"valueName\":\"search_term_string\"}}],\"inLanguage\":\"fr-FR\"}]}<\/script>\n<!-- \/ Yoast SEO Premium plugin. -->","yoast_head_json":{"title":"R\u00e9cipients sous pression Lille | Land Reko\u00ae","description":"R\u00e9servoir pour air comprim\u00e9, argon, azote, eau et mat\u00e9riaux en vrac jusqu'\u00e0 100 000 litres Land Reko\u00ae | R\u00e9cipients sous pression Lille","robots":{"index":"index","follow":"follow","max-snippet":"max-snippet:-1","max-image-preview":"max-image-preview:large","max-video-preview":"max-video-preview:-1"},"canonical":"https:\/\/landreko.eu\/fr\/notre-offre\/reservoirs-sous-pression-et-sous-vide\/reservoirs-verticaux-pour-air-comprime-azote-et-argon\/2-500-5-000-litres\/reservoir-sous-pression-var-2500-14-j-galvanise\/","og_locale":"fr_FR","og_type":"article","og_title":"R\u00e9servoir sous pression VAR-2500-14-J Galvanis\u00e9","og_description":"R\u00e9servoir pour air comprim\u00e9, argon, azote, eau et mat\u00e9riaux en vrac jusqu'\u00e0 100 000 litres Land Reko\u00ae | R\u00e9cipients sous pression Lille","og_url":"https:\/\/landreko.eu\/fr\/notre-offre\/reservoirs-sous-pression-et-sous-vide\/reservoirs-verticaux-pour-air-comprime-azote-et-argon\/2-500-5-000-litres\/reservoir-sous-pression-var-2500-14-j-galvanise\/","og_site_name":"Land Reko Fabricant de machines de grenaillage et de r\u00e9servoirs sous pression","article_modified_time":"2024-09-05T08:55:06+00:00","og_image":[{"width":800,"height":800,"url":"https:\/\/landreko.eu\/fr\/wp-content\/uploads\/sites\/6\/2024\/08\/zbiornik_land_reko_var_2500_xx_j_0001.webp","type":"image\/webp"}],"twitter_card":"summary_large_image","twitter_misc":{"Dur\u00e9e de lecture estim\u00e9e":"5 minutes"},"schema":{"@context":"https:\/\/schema.org","@graph":[{"@type":"WebPage","@id":"https:\/\/landreko.eu\/fr\/notre-offre\/reservoirs-sous-pression-et-sous-vide\/reservoirs-verticaux-pour-air-comprime-azote-et-argon\/2-500-5-000-litres\/reservoir-sous-pression-var-2500-14-j-galvanise\/","url":"https:\/\/landreko.eu\/fr\/notre-offre\/reservoirs-sous-pression-et-sous-vide\/reservoirs-verticaux-pour-air-comprime-azote-et-argon\/2-500-5-000-litres\/reservoir-sous-pression-var-2500-14-j-galvanise\/","name":"R\u00e9cipients sous pression Lille | Land Reko\u00ae","isPartOf":{"@id":"https:\/\/landreko.eu\/fr\/#website"},"primaryImageOfPage":{"@id":"https:\/\/landreko.eu\/fr\/notre-offre\/reservoirs-sous-pression-et-sous-vide\/reservoirs-verticaux-pour-air-comprime-azote-et-argon\/2-500-5-000-litres\/reservoir-sous-pression-var-2500-14-j-galvanise\/#primaryimage"},"image":{"@id":"https:\/\/landreko.eu\/fr\/notre-offre\/reservoirs-sous-pression-et-sous-vide\/reservoirs-verticaux-pour-air-comprime-azote-et-argon\/2-500-5-000-litres\/reservoir-sous-pression-var-2500-14-j-galvanise\/#primaryimage"},"thumbnailUrl":"https:\/\/landreko.eu\/fr\/wp-content\/uploads\/sites\/6\/2024\/08\/zbiornik_land_reko_var_2500_xx_j_0001.webp","datePublished":"2024-08-02T09:51:11+00:00","dateModified":"2024-09-05T08:55:06+00:00","description":"R\u00e9servoir pour air comprim\u00e9, argon, azote, eau et mat\u00e9riaux en vrac jusqu'\u00e0 100 000 litres Land Reko\u00ae | R\u00e9cipients sous pression Lille","breadcrumb":{"@id":"https:\/\/landreko.eu\/fr\/notre-offre\/reservoirs-sous-pression-et-sous-vide\/reservoirs-verticaux-pour-air-comprime-azote-et-argon\/2-500-5-000-litres\/reservoir-sous-pression-var-2500-14-j-galvanise\/#breadcrumb"},"inLanguage":"fr-FR","potentialAction":[{"@type":"ReadAction","target":["https:\/\/landreko.eu\/fr\/notre-offre\/reservoirs-sous-pression-et-sous-vide\/reservoirs-verticaux-pour-air-comprime-azote-et-argon\/2-500-5-000-litres\/reservoir-sous-pression-var-2500-14-j-galvanise\/"]}]},{"@type":"ImageObject","inLanguage":"fr-FR","@id":"https:\/\/landreko.eu\/fr\/notre-offre\/reservoirs-sous-pression-et-sous-vide\/reservoirs-verticaux-pour-air-comprime-azote-et-argon\/2-500-5-000-litres\/reservoir-sous-pression-var-2500-14-j-galvanise\/#primaryimage","url":"https:\/\/landreko.eu\/fr\/wp-content\/uploads\/sites\/6\/2024\/08\/zbiornik_land_reko_var_2500_xx_j_0001.webp","contentUrl":"https:\/\/landreko.eu\/fr\/wp-content\/uploads\/sites\/6\/2024\/08\/zbiornik_land_reko_var_2500_xx_j_0001.webp","width":800,"height":800,"caption":"R\u00e9servoir sous pression vertical Land Reko\u00ae VAR-2500-J Galvanis\u00e9"},{"@type":"BreadcrumbList","@id":"https:\/\/landreko.eu\/fr\/notre-offre\/reservoirs-sous-pression-et-sous-vide\/reservoirs-verticaux-pour-air-comprime-azote-et-argon\/2-500-5-000-litres\/reservoir-sous-pression-var-2500-14-j-galvanise\/#breadcrumb","itemListElement":[{"@type":"ListItem","position":1,"name":"Strona g\u0142\u00f3wna","item":"https:\/\/landreko.eu\/fr\/"},{"@type":"ListItem","position":2,"name":"Notre offre","item":"https:\/\/landreko.eu\/fr\/notre-offre\/"},{"@type":"ListItem","position":3,"name":"R\u00e9servoirs sous pression et sous vide","item":"https:\/\/landreko.eu\/fr\/notre-offre\/reservoirs-sous-pression-et-sous-vide\/"},{"@type":"ListItem","position":4,"name":"R\u00e9servoirs verticaux pour l\u2019air comprim\u00e9, l\u2019azote et l\u2019argon","item":"https:\/\/landreko.eu\/fr\/notre-offre\/reservoirs-sous-pression-et-sous-vide\/reservoirs-verticaux-pour-air-comprime-azote-et-argon\/"},{"@type":"ListItem","position":5,"name":"2 500 &#8211; 5 000 litres","item":"https:\/\/landreko.eu\/fr\/notre-offre\/reservoirs-sous-pression-et-sous-vide\/reservoirs-verticaux-pour-air-comprime-azote-et-argon\/2-500-5-000-litres\/"},{"@type":"ListItem","position":6,"name":"R\u00e9servoir sous pression VAR-2500-14-J Galvanis\u00e9"}]},{"@type":"WebSite","@id":"https:\/\/landreko.eu\/fr\/#website","url":"https:\/\/landreko.eu\/fr\/","name":"Land Reko Fabricant de machines de grenaillage et de r\u00e9servoirs sous pression","description":"","potentialAction":[{"@type":"SearchAction","target":{"@type":"EntryPoint","urlTemplate":"https:\/\/landreko.eu\/fr\/?s={search_term_string}"},"query-input":{"@type":"PropertyValueSpecification","valueRequired":true,"valueName":"search_term_string"}}],"inLanguage":"fr-FR"}]}},"_links":{"self":[{"href":"https:\/\/landreko.eu\/fr\/wp-json\/wp\/v2\/pages\/1512","targetHints":{"allow":["GET"]}}],"collection":[{"href":"https:\/\/landreko.eu\/fr\/wp-json\/wp\/v2\/pages"}],"about":[{"href":"https:\/\/landreko.eu\/fr\/wp-json\/wp\/v2\/types\/page"}],"author":[{"embeddable":true,"href":"https:\/\/landreko.eu\/fr\/wp-json\/wp\/v2\/users\/3"}],"replies":[{"embeddable":true,"href":"https:\/\/landreko.eu\/fr\/wp-json\/wp\/v2\/comments?post=1512"}],"version-history":[{"count":5,"href":"https:\/\/landreko.eu\/fr\/wp-json\/wp\/v2\/pages\/1512\/revisions"}],"predecessor-version":[{"id":5647,"href":"https:\/\/landreko.eu\/fr\/wp-json\/wp\/v2\/pages\/1512\/revisions\/5647"}],"up":[{"embeddable":true,"href":"https:\/\/landreko.eu\/fr\/wp-json\/wp\/v2\/pages\/624"}],"wp:featuredmedia":[{"embeddable":true,"href":"https:\/\/landreko.eu\/fr\/wp-json\/wp\/v2\/media\/1497"}],"wp:attachment":[{"href":"https:\/\/landreko.eu\/fr\/wp-json\/wp\/v2\/media?parent=1512"}],"curies":[{"name":"wp","href":"https:\/\/api.w.org\/{rel}","templated":true}]}}