{"id":2049,"date":"2024-08-07T10:01:36","date_gmt":"2024-08-07T08:01:36","guid":{"rendered":"https:\/\/landreko.eu\/fr\/?page_id=2049"},"modified":"2024-09-04T13:05:03","modified_gmt":"2024-09-04T11:05:03","slug":"unite-de-depoussierage-de-40","status":"publish","type":"page","link":"https:\/\/landreko.eu\/fr\/notre-offre\/equipement-de-sablage\/unite-de-depoussierage-de-la-serie-de\/unite-de-depoussierage-de-40\/","title":{"rendered":"Unit\u00e9 de d\u00e9poussi\u00e9rage DE-40"},"content":{"rendered":"","protected":false},"excerpt":{"rendered":"","protected":false},"author":3,"featured_media":2048,"parent":585,"menu_order":5,"comment_status":"closed","ping_status":"closed","template":"","meta":{"footnotes":""},"class_list":["post-2049","page","type-page","status-publish","has-post-thumbnail","hentry"],"yoast_head":"<!-- This site is optimized with the Yoast SEO Premium plugin v22.6 (Yoast SEO v27.4) - https:\/\/yoast.com\/product\/yoast-seo-premium-wordpress\/ -->\n<title>D\u00e9poussi\u00e9rage Nice | Unit\u00e9 de d\u00e9poussi\u00e9rage DE-40<\/title>\n<meta name=\"description\" content=\"D\u00e9poussi\u00e9reur professionnel et moderne pour grenailleuses \u00e0 chambre Land Reko\u00ae DE-40 | Unit\u00e9 de d\u00e9poussi\u00e9rage Nice\" \/>\n<meta name=\"robots\" content=\"index, follow, max-snippet:-1, max-image-preview:large, max-video-preview:-1\" \/>\n<link rel=\"canonical\" href=\"https:\/\/landreko.eu\/fr\/notre-offre\/equipement-de-sablage\/unite-de-depoussierage-de-la-serie-de\/unite-de-depoussierage-de-40\/\" \/>\n<meta property=\"og:locale\" content=\"fr_FR\" \/>\n<meta property=\"og:type\" content=\"article\" \/>\n<meta property=\"og:title\" content=\"Unit\u00e9 de d\u00e9poussi\u00e9rage DE-40\" \/>\n<meta property=\"og:description\" content=\"D\u00e9poussi\u00e9reur professionnel et moderne pour grenailleuses \u00e0 chambre Land Reko\u00ae DE-40 | Unit\u00e9 de d\u00e9poussi\u00e9rage Nice\" \/>\n<meta property=\"og:url\" content=\"https:\/\/landreko.eu\/fr\/notre-offre\/equipement-de-sablage\/unite-de-depoussierage-de-la-serie-de\/unite-de-depoussierage-de-40\/\" \/>\n<meta property=\"og:site_name\" content=\"Land Reko Fabricant de machines de grenaillage et de r\u00e9servoirs sous pression\" \/>\n<meta property=\"article:modified_time\" content=\"2024-09-04T11:05:03+00:00\" \/>\n<meta property=\"og:image\" content=\"https:\/\/landreko.eu\/fr\/wp-content\/uploads\/sites\/6\/2024\/08\/odciag-pylow_de_55_0011-1.webp\" \/>\n\t<meta property=\"og:image:width\" content=\"600\" \/>\n\t<meta property=\"og:image:height\" content=\"600\" \/>\n\t<meta property=\"og:image:type\" content=\"image\/webp\" \/>\n<meta name=\"twitter:card\" content=\"summary_large_image\" \/>\n<meta name=\"twitter:label1\" content=\"Dur\u00e9e de lecture estim\u00e9e\" \/>\n\t<meta name=\"twitter:data1\" content=\"4 minutes\" \/>\n<script type=\"application\/ld+json\" class=\"yoast-schema-graph\">{\"@context\":\"https:\\\/\\\/schema.org\",\"@graph\":[{\"@type\":\"WebPage\",\"@id\":\"https:\\\/\\\/landreko.eu\\\/fr\\\/notre-offre\\\/equipement-de-sablage\\\/unite-de-depoussierage-de-la-serie-de\\\/unite-de-depoussierage-de-40\\\/\",\"url\":\"https:\\\/\\\/landreko.eu\\\/fr\\\/notre-offre\\\/equipement-de-sablage\\\/unite-de-depoussierage-de-la-serie-de\\\/unite-de-depoussierage-de-40\\\/\",\"name\":\"D\u00e9poussi\u00e9rage Nice | Unit\u00e9 de d\u00e9poussi\u00e9rage DE-40\",\"isPartOf\":{\"@id\":\"https:\\\/\\\/landreko.eu\\\/fr\\\/#website\"},\"primaryImageOfPage\":{\"@id\":\"https:\\\/\\\/landreko.eu\\\/fr\\\/notre-offre\\\/equipement-de-sablage\\\/unite-de-depoussierage-de-la-serie-de\\\/unite-de-depoussierage-de-40\\\/#primaryimage\"},\"image\":{\"@id\":\"https:\\\/\\\/landreko.eu\\\/fr\\\/notre-offre\\\/equipement-de-sablage\\\/unite-de-depoussierage-de-la-serie-de\\\/unite-de-depoussierage-de-40\\\/#primaryimage\"},\"thumbnailUrl\":\"https:\\\/\\\/landreko.eu\\\/fr\\\/wp-content\\\/uploads\\\/sites\\\/6\\\/2024\\\/08\\\/odciag-pylow_de_55_0011-1.webp\",\"datePublished\":\"2024-08-07T08:01:36+00:00\",\"dateModified\":\"2024-09-04T11:05:03+00:00\",\"description\":\"D\u00e9poussi\u00e9reur professionnel et moderne pour grenailleuses \u00e0 chambre Land Reko\u00ae DE-40 | Unit\u00e9 de d\u00e9poussi\u00e9rage Nice\",\"breadcrumb\":{\"@id\":\"https:\\\/\\\/landreko.eu\\\/fr\\\/notre-offre\\\/equipement-de-sablage\\\/unite-de-depoussierage-de-la-serie-de\\\/unite-de-depoussierage-de-40\\\/#breadcrumb\"},\"inLanguage\":\"fr-FR\",\"potentialAction\":[{\"@type\":\"ReadAction\",\"target\":[\"https:\\\/\\\/landreko.eu\\\/fr\\\/notre-offre\\\/equipement-de-sablage\\\/unite-de-depoussierage-de-la-serie-de\\\/unite-de-depoussierage-de-40\\\/\"]}]},{\"@type\":\"ImageObject\",\"inLanguage\":\"fr-FR\",\"@id\":\"https:\\\/\\\/landreko.eu\\\/fr\\\/notre-offre\\\/equipement-de-sablage\\\/unite-de-depoussierage-de-la-serie-de\\\/unite-de-depoussierage-de-40\\\/#primaryimage\",\"url\":\"https:\\\/\\\/landreko.eu\\\/fr\\\/wp-content\\\/uploads\\\/sites\\\/6\\\/2024\\\/08\\\/odciag-pylow_de_55_0011-1.webp\",\"contentUrl\":\"https:\\\/\\\/landreko.eu\\\/fr\\\/wp-content\\\/uploads\\\/sites\\\/6\\\/2024\\\/08\\\/odciag-pylow_de_55_0011-1.webp\",\"width\":600,\"height\":600,\"caption\":\"Unit\u00e9 de d\u00e9poussi\u00e9rage Land Reko\u00ae s\u00e9rie DE\"},{\"@type\":\"BreadcrumbList\",\"@id\":\"https:\\\/\\\/landreko.eu\\\/fr\\\/notre-offre\\\/equipement-de-sablage\\\/unite-de-depoussierage-de-la-serie-de\\\/unite-de-depoussierage-de-40\\\/#breadcrumb\",\"itemListElement\":[{\"@type\":\"ListItem\",\"position\":1,\"name\":\"Strona g\u0142\u00f3wna\",\"item\":\"https:\\\/\\\/landreko.eu\\\/fr\\\/\"},{\"@type\":\"ListItem\",\"position\":2,\"name\":\"Notre offre\",\"item\":\"https:\\\/\\\/landreko.eu\\\/fr\\\/notre-offre\\\/\"},{\"@type\":\"ListItem\",\"position\":3,\"name\":\"\u00c9quipement de sablage\",\"item\":\"https:\\\/\\\/landreko.eu\\\/fr\\\/notre-offre\\\/equipement-de-sablage\\\/\"},{\"@type\":\"ListItem\",\"position\":4,\"name\":\"Unit\u00e9 de d\u00e9poussi\u00e9rage de la s\u00e9rie DE\",\"item\":\"https:\\\/\\\/landreko.eu\\\/fr\\\/notre-offre\\\/equipement-de-sablage\\\/unite-de-depoussierage-de-la-serie-de\\\/\"},{\"@type\":\"ListItem\",\"position\":5,\"name\":\"Unit\u00e9 de d\u00e9poussi\u00e9rage DE-40\"}]},{\"@type\":\"WebSite\",\"@id\":\"https:\\\/\\\/landreko.eu\\\/fr\\\/#website\",\"url\":\"https:\\\/\\\/landreko.eu\\\/fr\\\/\",\"name\":\"Land Reko Fabricant de machines de grenaillage et de r\u00e9servoirs sous pression\",\"description\":\"\",\"potentialAction\":[{\"@type\":\"SearchAction\",\"target\":{\"@type\":\"EntryPoint\",\"urlTemplate\":\"https:\\\/\\\/landreko.eu\\\/fr\\\/?s={search_term_string}\"},\"query-input\":{\"@type\":\"PropertyValueSpecification\",\"valueRequired\":true,\"valueName\":\"search_term_string\"}}],\"inLanguage\":\"fr-FR\"}]}<\/script>\n<!-- \/ Yoast SEO Premium plugin. -->","yoast_head_json":{"title":"D\u00e9poussi\u00e9rage Nice | Unit\u00e9 de d\u00e9poussi\u00e9rage DE-40","description":"D\u00e9poussi\u00e9reur professionnel et moderne pour grenailleuses \u00e0 chambre Land Reko\u00ae DE-40 | Unit\u00e9 de d\u00e9poussi\u00e9rage Nice","robots":{"index":"index","follow":"follow","max-snippet":"max-snippet:-1","max-image-preview":"max-image-preview:large","max-video-preview":"max-video-preview:-1"},"canonical":"https:\/\/landreko.eu\/fr\/notre-offre\/equipement-de-sablage\/unite-de-depoussierage-de-la-serie-de\/unite-de-depoussierage-de-40\/","og_locale":"fr_FR","og_type":"article","og_title":"Unit\u00e9 de d\u00e9poussi\u00e9rage DE-40","og_description":"D\u00e9poussi\u00e9reur professionnel et moderne pour grenailleuses \u00e0 chambre Land Reko\u00ae DE-40 | Unit\u00e9 de d\u00e9poussi\u00e9rage Nice","og_url":"https:\/\/landreko.eu\/fr\/notre-offre\/equipement-de-sablage\/unite-de-depoussierage-de-la-serie-de\/unite-de-depoussierage-de-40\/","og_site_name":"Land Reko Fabricant de machines de grenaillage et de r\u00e9servoirs sous pression","article_modified_time":"2024-09-04T11:05:03+00:00","og_image":[{"width":600,"height":600,"url":"https:\/\/landreko.eu\/fr\/wp-content\/uploads\/sites\/6\/2024\/08\/odciag-pylow_de_55_0011-1.webp","type":"image\/webp"}],"twitter_card":"summary_large_image","twitter_misc":{"Dur\u00e9e de lecture estim\u00e9e":"4 minutes"},"schema":{"@context":"https:\/\/schema.org","@graph":[{"@type":"WebPage","@id":"https:\/\/landreko.eu\/fr\/notre-offre\/equipement-de-sablage\/unite-de-depoussierage-de-la-serie-de\/unite-de-depoussierage-de-40\/","url":"https:\/\/landreko.eu\/fr\/notre-offre\/equipement-de-sablage\/unite-de-depoussierage-de-la-serie-de\/unite-de-depoussierage-de-40\/","name":"D\u00e9poussi\u00e9rage Nice | Unit\u00e9 de d\u00e9poussi\u00e9rage DE-40","isPartOf":{"@id":"https:\/\/landreko.eu\/fr\/#website"},"primaryImageOfPage":{"@id":"https:\/\/landreko.eu\/fr\/notre-offre\/equipement-de-sablage\/unite-de-depoussierage-de-la-serie-de\/unite-de-depoussierage-de-40\/#primaryimage"},"image":{"@id":"https:\/\/landreko.eu\/fr\/notre-offre\/equipement-de-sablage\/unite-de-depoussierage-de-la-serie-de\/unite-de-depoussierage-de-40\/#primaryimage"},"thumbnailUrl":"https:\/\/landreko.eu\/fr\/wp-content\/uploads\/sites\/6\/2024\/08\/odciag-pylow_de_55_0011-1.webp","datePublished":"2024-08-07T08:01:36+00:00","dateModified":"2024-09-04T11:05:03+00:00","description":"D\u00e9poussi\u00e9reur professionnel et moderne pour grenailleuses \u00e0 chambre Land Reko\u00ae DE-40 | Unit\u00e9 de d\u00e9poussi\u00e9rage Nice","breadcrumb":{"@id":"https:\/\/landreko.eu\/fr\/notre-offre\/equipement-de-sablage\/unite-de-depoussierage-de-la-serie-de\/unite-de-depoussierage-de-40\/#breadcrumb"},"inLanguage":"fr-FR","potentialAction":[{"@type":"ReadAction","target":["https:\/\/landreko.eu\/fr\/notre-offre\/equipement-de-sablage\/unite-de-depoussierage-de-la-serie-de\/unite-de-depoussierage-de-40\/"]}]},{"@type":"ImageObject","inLanguage":"fr-FR","@id":"https:\/\/landreko.eu\/fr\/notre-offre\/equipement-de-sablage\/unite-de-depoussierage-de-la-serie-de\/unite-de-depoussierage-de-40\/#primaryimage","url":"https:\/\/landreko.eu\/fr\/wp-content\/uploads\/sites\/6\/2024\/08\/odciag-pylow_de_55_0011-1.webp","contentUrl":"https:\/\/landreko.eu\/fr\/wp-content\/uploads\/sites\/6\/2024\/08\/odciag-pylow_de_55_0011-1.webp","width":600,"height":600,"caption":"Unit\u00e9 de d\u00e9poussi\u00e9rage Land Reko\u00ae s\u00e9rie DE"},{"@type":"BreadcrumbList","@id":"https:\/\/landreko.eu\/fr\/notre-offre\/equipement-de-sablage\/unite-de-depoussierage-de-la-serie-de\/unite-de-depoussierage-de-40\/#breadcrumb","itemListElement":[{"@type":"ListItem","position":1,"name":"Strona g\u0142\u00f3wna","item":"https:\/\/landreko.eu\/fr\/"},{"@type":"ListItem","position":2,"name":"Notre offre","item":"https:\/\/landreko.eu\/fr\/notre-offre\/"},{"@type":"ListItem","position":3,"name":"\u00c9quipement de sablage","item":"https:\/\/landreko.eu\/fr\/notre-offre\/equipement-de-sablage\/"},{"@type":"ListItem","position":4,"name":"Unit\u00e9 de d\u00e9poussi\u00e9rage de la s\u00e9rie DE","item":"https:\/\/landreko.eu\/fr\/notre-offre\/equipement-de-sablage\/unite-de-depoussierage-de-la-serie-de\/"},{"@type":"ListItem","position":5,"name":"Unit\u00e9 de d\u00e9poussi\u00e9rage DE-40"}]},{"@type":"WebSite","@id":"https:\/\/landreko.eu\/fr\/#website","url":"https:\/\/landreko.eu\/fr\/","name":"Land Reko Fabricant de machines de grenaillage et de r\u00e9servoirs sous pression","description":"","potentialAction":[{"@type":"SearchAction","target":{"@type":"EntryPoint","urlTemplate":"https:\/\/landreko.eu\/fr\/?s={search_term_string}"},"query-input":{"@type":"PropertyValueSpecification","valueRequired":true,"valueName":"search_term_string"}}],"inLanguage":"fr-FR"}]}},"_links":{"self":[{"href":"https:\/\/landreko.eu\/fr\/wp-json\/wp\/v2\/pages\/2049","targetHints":{"allow":["GET"]}}],"collection":[{"href":"https:\/\/landreko.eu\/fr\/wp-json\/wp\/v2\/pages"}],"about":[{"href":"https:\/\/landreko.eu\/fr\/wp-json\/wp\/v2\/types\/page"}],"author":[{"embeddable":true,"href":"https:\/\/landreko.eu\/fr\/wp-json\/wp\/v2\/users\/3"}],"replies":[{"embeddable":true,"href":"https:\/\/landreko.eu\/fr\/wp-json\/wp\/v2\/comments?post=2049"}],"version-history":[{"count":5,"href":"https:\/\/landreko.eu\/fr\/wp-json\/wp\/v2\/pages\/2049\/revisions"}],"predecessor-version":[{"id":5198,"href":"https:\/\/landreko.eu\/fr\/wp-json\/wp\/v2\/pages\/2049\/revisions\/5198"}],"up":[{"embeddable":true,"href":"https:\/\/landreko.eu\/fr\/wp-json\/wp\/v2\/pages\/585"}],"wp:featuredmedia":[{"embeddable":true,"href":"https:\/\/landreko.eu\/fr\/wp-json\/wp\/v2\/media\/2048"}],"wp:attachment":[{"href":"https:\/\/landreko.eu\/fr\/wp-json\/wp\/v2\/media?parent=2049"}],"curies":[{"name":"wp","href":"https:\/\/api.w.org\/{rel}","templated":true}]}}