{"id":598,"date":"2024-07-29T13:01:55","date_gmt":"2024-07-29T11:01:55","guid":{"rendered":"https:\/\/landreko.eu\/fr\/?page_id=598"},"modified":"2025-05-15T21:32:07","modified_gmt":"2025-05-15T19:32:07","slug":"sableuses-a-siphon-de-la-serie-sbm","status":"publish","type":"page","link":"https:\/\/landreko.eu\/fr\/notre-offre\/equipement-de-sablage\/grenailleuses-mobiles\/machines-de-sablage-mobiles-conventionnelles\/sableuses-a-siphon-de-la-serie-sbm\/","title":{"rendered":"Sableuses \u00e0 siphon de la s\u00e9rie SBM"},"content":{"rendered":"","protected":false},"excerpt":{"rendered":"","protected":false},"author":3,"featured_media":6865,"parent":6867,"menu_order":1,"comment_status":"closed","ping_status":"closed","template":"","meta":{"footnotes":""},"class_list":["post-598","page","type-page","status-publish","has-post-thumbnail","hentry"],"yoast_head":"<!-- This site is optimized with the Yoast SEO Premium plugin v22.6 (Yoast SEO v27.4) - https:\/\/yoast.com\/product\/yoast-seo-premium-wordpress\/ -->\n<title>Sableuse \u00e0 siphon | Fabricant d&#039;\u00e9pandeur de sable Land Reko\u00ae<\/title>\n<meta name=\"description\" content=\"Land Reko\u00ae fabricant d&#039;\u00e9quipements de sablage et d&#039;appareils sous pression pour air comprim\u00e9, argon et azote | Sableuse \u00e0 siphon\" \/>\n<meta name=\"robots\" content=\"index, follow, max-snippet:-1, max-image-preview:large, max-video-preview:-1\" \/>\n<link rel=\"canonical\" href=\"https:\/\/landreko.eu\/fr\/notre-offre\/equipement-de-sablage\/grenailleuses-mobiles\/machines-de-sablage-mobiles-conventionnelles\/sableuses-a-siphon-de-la-serie-sbm\/\" \/>\n<meta property=\"og:locale\" content=\"fr_FR\" \/>\n<meta property=\"og:type\" content=\"article\" \/>\n<meta property=\"og:title\" content=\"Sableuses \u00e0 siphon de la s\u00e9rie SBM\" \/>\n<meta property=\"og:description\" content=\"Land Reko\u00ae fabricant d&#039;\u00e9quipements de sablage et d&#039;appareils sous pression pour air comprim\u00e9, argon et azote | Sableuse \u00e0 siphon\" \/>\n<meta property=\"og:url\" content=\"https:\/\/landreko.eu\/fr\/notre-offre\/equipement-de-sablage\/grenailleuses-mobiles\/machines-de-sablage-mobiles-conventionnelles\/sableuses-a-siphon-de-la-serie-sbm\/\" \/>\n<meta property=\"og:site_name\" content=\"Land Reko Fabricant de machines de grenaillage et de r\u00e9servoirs sous pression\" \/>\n<meta property=\"article:modified_time\" content=\"2025-05-15T19:32:07+00:00\" \/>\n<meta property=\"og:image\" content=\"https:\/\/landreko.eu\/fr\/wp-content\/uploads\/sites\/6\/2025\/05\/catagory_sbm_seriess.webp\" \/>\n\t<meta property=\"og:image:width\" content=\"600\" \/>\n\t<meta property=\"og:image:height\" content=\"600\" \/>\n\t<meta property=\"og:image:type\" content=\"image\/webp\" \/>\n<meta name=\"twitter:card\" content=\"summary_large_image\" \/>\n<meta name=\"twitter:label1\" content=\"Dur\u00e9e de lecture estim\u00e9e\" \/>\n\t<meta name=\"twitter:data1\" content=\"5 minutes\" \/>\n<script type=\"application\/ld+json\" class=\"yoast-schema-graph\">{\"@context\":\"https:\\\/\\\/schema.org\",\"@graph\":[{\"@type\":\"WebPage\",\"@id\":\"https:\\\/\\\/landreko.eu\\\/fr\\\/notre-offre\\\/equipement-de-sablage\\\/grenailleuses-mobiles\\\/machines-de-sablage-mobiles-conventionnelles\\\/sableuses-a-siphon-de-la-serie-sbm\\\/\",\"url\":\"https:\\\/\\\/landreko.eu\\\/fr\\\/notre-offre\\\/equipement-de-sablage\\\/grenailleuses-mobiles\\\/machines-de-sablage-mobiles-conventionnelles\\\/sableuses-a-siphon-de-la-serie-sbm\\\/\",\"name\":\"Sableuse \u00e0 siphon | Fabricant d'\u00e9pandeur de sable Land Reko\u00ae\",\"isPartOf\":{\"@id\":\"https:\\\/\\\/landreko.eu\\\/fr\\\/#website\"},\"primaryImageOfPage\":{\"@id\":\"https:\\\/\\\/landreko.eu\\\/fr\\\/notre-offre\\\/equipement-de-sablage\\\/grenailleuses-mobiles\\\/machines-de-sablage-mobiles-conventionnelles\\\/sableuses-a-siphon-de-la-serie-sbm\\\/#primaryimage\"},\"image\":{\"@id\":\"https:\\\/\\\/landreko.eu\\\/fr\\\/notre-offre\\\/equipement-de-sablage\\\/grenailleuses-mobiles\\\/machines-de-sablage-mobiles-conventionnelles\\\/sableuses-a-siphon-de-la-serie-sbm\\\/#primaryimage\"},\"thumbnailUrl\":\"https:\\\/\\\/landreko.eu\\\/fr\\\/wp-content\\\/uploads\\\/sites\\\/6\\\/2025\\\/05\\\/catagory_sbm_seriess.webp\",\"datePublished\":\"2024-07-29T11:01:55+00:00\",\"dateModified\":\"2025-05-15T19:32:07+00:00\",\"description\":\"Land Reko\u00ae fabricant d'\u00e9quipements de sablage et d'appareils sous pression pour air comprim\u00e9, argon et azote | Sableuse \u00e0 siphon\",\"breadcrumb\":{\"@id\":\"https:\\\/\\\/landreko.eu\\\/fr\\\/notre-offre\\\/equipement-de-sablage\\\/grenailleuses-mobiles\\\/machines-de-sablage-mobiles-conventionnelles\\\/sableuses-a-siphon-de-la-serie-sbm\\\/#breadcrumb\"},\"inLanguage\":\"fr-FR\",\"potentialAction\":[{\"@type\":\"ReadAction\",\"target\":[\"https:\\\/\\\/landreko.eu\\\/fr\\\/notre-offre\\\/equipement-de-sablage\\\/grenailleuses-mobiles\\\/machines-de-sablage-mobiles-conventionnelles\\\/sableuses-a-siphon-de-la-serie-sbm\\\/\"]}]},{\"@type\":\"ImageObject\",\"inLanguage\":\"fr-FR\",\"@id\":\"https:\\\/\\\/landreko.eu\\\/fr\\\/notre-offre\\\/equipement-de-sablage\\\/grenailleuses-mobiles\\\/machines-de-sablage-mobiles-conventionnelles\\\/sableuses-a-siphon-de-la-serie-sbm\\\/#primaryimage\",\"url\":\"https:\\\/\\\/landreko.eu\\\/fr\\\/wp-content\\\/uploads\\\/sites\\\/6\\\/2025\\\/05\\\/catagory_sbm_seriess.webp\",\"contentUrl\":\"https:\\\/\\\/landreko.eu\\\/fr\\\/wp-content\\\/uploads\\\/sites\\\/6\\\/2025\\\/05\\\/catagory_sbm_seriess.webp\",\"width\":600,\"height\":600,\"caption\":\"Sableuses \u00e0 siphon Land Reko\u00ae SBM serie\"},{\"@type\":\"BreadcrumbList\",\"@id\":\"https:\\\/\\\/landreko.eu\\\/fr\\\/notre-offre\\\/equipement-de-sablage\\\/grenailleuses-mobiles\\\/machines-de-sablage-mobiles-conventionnelles\\\/sableuses-a-siphon-de-la-serie-sbm\\\/#breadcrumb\",\"itemListElement\":[{\"@type\":\"ListItem\",\"position\":1,\"name\":\"Strona g\u0142\u00f3wna\",\"item\":\"https:\\\/\\\/landreko.eu\\\/fr\\\/\"},{\"@type\":\"ListItem\",\"position\":2,\"name\":\"Notre offre\",\"item\":\"https:\\\/\\\/landreko.eu\\\/fr\\\/notre-offre\\\/\"},{\"@type\":\"ListItem\",\"position\":3,\"name\":\"\u00c9quipement de sablage\",\"item\":\"https:\\\/\\\/landreko.eu\\\/fr\\\/notre-offre\\\/equipement-de-sablage\\\/\"},{\"@type\":\"ListItem\",\"position\":4,\"name\":\"Grenailleuses mobiles\",\"item\":\"https:\\\/\\\/landreko.eu\\\/fr\\\/notre-offre\\\/equipement-de-sablage\\\/grenailleuses-mobiles\\\/\"},{\"@type\":\"ListItem\",\"position\":5,\"name\":\"Machines de sablage mobiles conventionnelles\",\"item\":\"https:\\\/\\\/landreko.eu\\\/fr\\\/notre-offre\\\/equipement-de-sablage\\\/grenailleuses-mobiles\\\/machines-de-sablage-mobiles-conventionnelles\\\/\"},{\"@type\":\"ListItem\",\"position\":6,\"name\":\"Sableuses \u00e0 siphon de la s\u00e9rie SBM\"}]},{\"@type\":\"WebSite\",\"@id\":\"https:\\\/\\\/landreko.eu\\\/fr\\\/#website\",\"url\":\"https:\\\/\\\/landreko.eu\\\/fr\\\/\",\"name\":\"Land Reko Fabricant de machines de grenaillage et de r\u00e9servoirs sous pression\",\"description\":\"\",\"potentialAction\":[{\"@type\":\"SearchAction\",\"target\":{\"@type\":\"EntryPoint\",\"urlTemplate\":\"https:\\\/\\\/landreko.eu\\\/fr\\\/?s={search_term_string}\"},\"query-input\":{\"@type\":\"PropertyValueSpecification\",\"valueRequired\":true,\"valueName\":\"search_term_string\"}}],\"inLanguage\":\"fr-FR\"}]}<\/script>\n<!-- \/ Yoast SEO Premium plugin. -->","yoast_head_json":{"title":"Sableuse \u00e0 siphon | Fabricant d'\u00e9pandeur de sable Land Reko\u00ae","description":"Land Reko\u00ae fabricant d'\u00e9quipements de sablage et d'appareils sous pression pour air comprim\u00e9, argon et azote | Sableuse \u00e0 siphon","robots":{"index":"index","follow":"follow","max-snippet":"max-snippet:-1","max-image-preview":"max-image-preview:large","max-video-preview":"max-video-preview:-1"},"canonical":"https:\/\/landreko.eu\/fr\/notre-offre\/equipement-de-sablage\/grenailleuses-mobiles\/machines-de-sablage-mobiles-conventionnelles\/sableuses-a-siphon-de-la-serie-sbm\/","og_locale":"fr_FR","og_type":"article","og_title":"Sableuses \u00e0 siphon de la s\u00e9rie SBM","og_description":"Land Reko\u00ae fabricant d'\u00e9quipements de sablage et d'appareils sous pression pour air comprim\u00e9, argon et azote | Sableuse \u00e0 siphon","og_url":"https:\/\/landreko.eu\/fr\/notre-offre\/equipement-de-sablage\/grenailleuses-mobiles\/machines-de-sablage-mobiles-conventionnelles\/sableuses-a-siphon-de-la-serie-sbm\/","og_site_name":"Land Reko Fabricant de machines de grenaillage et de r\u00e9servoirs sous pression","article_modified_time":"2025-05-15T19:32:07+00:00","og_image":[{"width":600,"height":600,"url":"https:\/\/landreko.eu\/fr\/wp-content\/uploads\/sites\/6\/2025\/05\/catagory_sbm_seriess.webp","type":"image\/webp"}],"twitter_card":"summary_large_image","twitter_misc":{"Dur\u00e9e de lecture estim\u00e9e":"5 minutes"},"schema":{"@context":"https:\/\/schema.org","@graph":[{"@type":"WebPage","@id":"https:\/\/landreko.eu\/fr\/notre-offre\/equipement-de-sablage\/grenailleuses-mobiles\/machines-de-sablage-mobiles-conventionnelles\/sableuses-a-siphon-de-la-serie-sbm\/","url":"https:\/\/landreko.eu\/fr\/notre-offre\/equipement-de-sablage\/grenailleuses-mobiles\/machines-de-sablage-mobiles-conventionnelles\/sableuses-a-siphon-de-la-serie-sbm\/","name":"Sableuse \u00e0 siphon | Fabricant d'\u00e9pandeur de sable Land Reko\u00ae","isPartOf":{"@id":"https:\/\/landreko.eu\/fr\/#website"},"primaryImageOfPage":{"@id":"https:\/\/landreko.eu\/fr\/notre-offre\/equipement-de-sablage\/grenailleuses-mobiles\/machines-de-sablage-mobiles-conventionnelles\/sableuses-a-siphon-de-la-serie-sbm\/#primaryimage"},"image":{"@id":"https:\/\/landreko.eu\/fr\/notre-offre\/equipement-de-sablage\/grenailleuses-mobiles\/machines-de-sablage-mobiles-conventionnelles\/sableuses-a-siphon-de-la-serie-sbm\/#primaryimage"},"thumbnailUrl":"https:\/\/landreko.eu\/fr\/wp-content\/uploads\/sites\/6\/2025\/05\/catagory_sbm_seriess.webp","datePublished":"2024-07-29T11:01:55+00:00","dateModified":"2025-05-15T19:32:07+00:00","description":"Land Reko\u00ae fabricant d'\u00e9quipements de sablage et d'appareils sous pression pour air comprim\u00e9, argon et azote | Sableuse \u00e0 siphon","breadcrumb":{"@id":"https:\/\/landreko.eu\/fr\/notre-offre\/equipement-de-sablage\/grenailleuses-mobiles\/machines-de-sablage-mobiles-conventionnelles\/sableuses-a-siphon-de-la-serie-sbm\/#breadcrumb"},"inLanguage":"fr-FR","potentialAction":[{"@type":"ReadAction","target":["https:\/\/landreko.eu\/fr\/notre-offre\/equipement-de-sablage\/grenailleuses-mobiles\/machines-de-sablage-mobiles-conventionnelles\/sableuses-a-siphon-de-la-serie-sbm\/"]}]},{"@type":"ImageObject","inLanguage":"fr-FR","@id":"https:\/\/landreko.eu\/fr\/notre-offre\/equipement-de-sablage\/grenailleuses-mobiles\/machines-de-sablage-mobiles-conventionnelles\/sableuses-a-siphon-de-la-serie-sbm\/#primaryimage","url":"https:\/\/landreko.eu\/fr\/wp-content\/uploads\/sites\/6\/2025\/05\/catagory_sbm_seriess.webp","contentUrl":"https:\/\/landreko.eu\/fr\/wp-content\/uploads\/sites\/6\/2025\/05\/catagory_sbm_seriess.webp","width":600,"height":600,"caption":"Sableuses \u00e0 siphon Land Reko\u00ae SBM serie"},{"@type":"BreadcrumbList","@id":"https:\/\/landreko.eu\/fr\/notre-offre\/equipement-de-sablage\/grenailleuses-mobiles\/machines-de-sablage-mobiles-conventionnelles\/sableuses-a-siphon-de-la-serie-sbm\/#breadcrumb","itemListElement":[{"@type":"ListItem","position":1,"name":"Strona g\u0142\u00f3wna","item":"https:\/\/landreko.eu\/fr\/"},{"@type":"ListItem","position":2,"name":"Notre offre","item":"https:\/\/landreko.eu\/fr\/notre-offre\/"},{"@type":"ListItem","position":3,"name":"\u00c9quipement de sablage","item":"https:\/\/landreko.eu\/fr\/notre-offre\/equipement-de-sablage\/"},{"@type":"ListItem","position":4,"name":"Grenailleuses mobiles","item":"https:\/\/landreko.eu\/fr\/notre-offre\/equipement-de-sablage\/grenailleuses-mobiles\/"},{"@type":"ListItem","position":5,"name":"Machines de sablage mobiles conventionnelles","item":"https:\/\/landreko.eu\/fr\/notre-offre\/equipement-de-sablage\/grenailleuses-mobiles\/machines-de-sablage-mobiles-conventionnelles\/"},{"@type":"ListItem","position":6,"name":"Sableuses \u00e0 siphon de la s\u00e9rie SBM"}]},{"@type":"WebSite","@id":"https:\/\/landreko.eu\/fr\/#website","url":"https:\/\/landreko.eu\/fr\/","name":"Land Reko Fabricant de machines de grenaillage et de r\u00e9servoirs sous pression","description":"","potentialAction":[{"@type":"SearchAction","target":{"@type":"EntryPoint","urlTemplate":"https:\/\/landreko.eu\/fr\/?s={search_term_string}"},"query-input":{"@type":"PropertyValueSpecification","valueRequired":true,"valueName":"search_term_string"}}],"inLanguage":"fr-FR"}]}},"_links":{"self":[{"href":"https:\/\/landreko.eu\/fr\/wp-json\/wp\/v2\/pages\/598","targetHints":{"allow":["GET"]}}],"collection":[{"href":"https:\/\/landreko.eu\/fr\/wp-json\/wp\/v2\/pages"}],"about":[{"href":"https:\/\/landreko.eu\/fr\/wp-json\/wp\/v2\/types\/page"}],"author":[{"embeddable":true,"href":"https:\/\/landreko.eu\/fr\/wp-json\/wp\/v2\/users\/3"}],"replies":[{"embeddable":true,"href":"https:\/\/landreko.eu\/fr\/wp-json\/wp\/v2\/comments?post=598"}],"version-history":[{"count":5,"href":"https:\/\/landreko.eu\/fr\/wp-json\/wp\/v2\/pages\/598\/revisions"}],"predecessor-version":[{"id":7040,"href":"https:\/\/landreko.eu\/fr\/wp-json\/wp\/v2\/pages\/598\/revisions\/7040"}],"up":[{"embeddable":true,"href":"https:\/\/landreko.eu\/fr\/wp-json\/wp\/v2\/pages\/6867"}],"wp:featuredmedia":[{"embeddable":true,"href":"https:\/\/landreko.eu\/fr\/wp-json\/wp\/v2\/media\/6865"}],"wp:attachment":[{"href":"https:\/\/landreko.eu\/fr\/wp-json\/wp\/v2\/media?parent=598"}],"curies":[{"name":"wp","href":"https:\/\/api.w.org\/{rel}","templated":true}]}}