{"id":614,"date":"2024-07-29T13:10:42","date_gmt":"2024-07-29T11:10:42","guid":{"rendered":"https:\/\/landreko.eu\/fr\/?page_id=614"},"modified":"2024-08-29T09:25:36","modified_gmt":"2024-08-29T07:25:36","slug":"reservoirs-verticaux-pour-air-comprime-azote-et-argon","status":"publish","type":"page","link":"https:\/\/landreko.eu\/fr\/notre-offre\/reservoirs-sous-pression-et-sous-vide\/reservoirs-verticaux-pour-air-comprime-azote-et-argon\/","title":{"rendered":"R\u00e9servoirs verticaux pour l\u2019air comprim\u00e9, l\u2019azote et l\u2019argon"},"content":{"rendered":"","protected":false},"excerpt":{"rendered":"","protected":false},"author":3,"featured_media":2900,"parent":609,"menu_order":1,"comment_status":"closed","ping_status":"closed","template":"","meta":{"footnotes":""},"class_list":["post-614","page","type-page","status-publish","has-post-thumbnail","hentry"],"yoast_head":"<!-- This site is optimized with the Yoast SEO Premium plugin v22.6 (Yoast SEO v27.3) - https:\/\/yoast.com\/product\/yoast-seo-premium-wordpress\/ -->\n<title>R\u00e9servoir de Paris | R\u00e9servoirs sous pression Land Reko\u00ae<\/title>\n<meta name=\"description\" content=\"Land Reko\u00ae fabricant d&#039;\u00e9quipements de sablage et d&#039;appareils sous pression pour air comprim\u00e9, argon et azote | R\u00e9servoir de Paris\" \/>\n<meta name=\"robots\" content=\"index, follow, max-snippet:-1, max-image-preview:large, max-video-preview:-1\" \/>\n<link rel=\"canonical\" href=\"https:\/\/landreko.eu\/fr\/notre-offre\/reservoirs-sous-pression-et-sous-vide\/reservoirs-verticaux-pour-air-comprime-azote-et-argon\/\" \/>\n<meta property=\"og:locale\" content=\"fr_FR\" \/>\n<meta property=\"og:type\" content=\"article\" \/>\n<meta property=\"og:title\" content=\"R\u00e9servoirs verticaux pour l\u2019air comprim\u00e9, l\u2019azote et l\u2019argon\" \/>\n<meta property=\"og:description\" content=\"Land Reko\u00ae fabricant d&#039;\u00e9quipements de sablage et d&#039;appareils sous pression pour air comprim\u00e9, argon et azote | R\u00e9servoir de Paris\" \/>\n<meta property=\"og:url\" content=\"https:\/\/landreko.eu\/fr\/notre-offre\/reservoirs-sous-pression-et-sous-vide\/reservoirs-verticaux-pour-air-comprime-azote-et-argon\/\" \/>\n<meta property=\"og:site_name\" content=\"Land Reko Fabricant de machines de grenaillage et de r\u00e9servoirs sous pression\" \/>\n<meta property=\"article:modified_time\" content=\"2024-08-29T07:25:36+00:00\" \/>\n<meta property=\"og:image\" content=\"https:\/\/landreko.eu\/fr\/wp-content\/uploads\/sites\/6\/2024\/08\/Land_reko_zbiorniki_var_j_002.webp\" \/>\n\t<meta property=\"og:image:width\" content=\"800\" \/>\n\t<meta property=\"og:image:height\" content=\"800\" \/>\n\t<meta property=\"og:image:type\" content=\"image\/webp\" \/>\n<meta name=\"twitter:card\" content=\"summary_large_image\" \/>\n<meta name=\"twitter:label1\" content=\"Dur\u00e9e de lecture estim\u00e9e\" \/>\n\t<meta name=\"twitter:data1\" content=\"1 minute\" \/>\n<script type=\"application\/ld+json\" class=\"yoast-schema-graph\">{\"@context\":\"https:\\\/\\\/schema.org\",\"@graph\":[{\"@type\":\"WebPage\",\"@id\":\"https:\\\/\\\/landreko.eu\\\/fr\\\/notre-offre\\\/reservoirs-sous-pression-et-sous-vide\\\/reservoirs-verticaux-pour-air-comprime-azote-et-argon\\\/\",\"url\":\"https:\\\/\\\/landreko.eu\\\/fr\\\/notre-offre\\\/reservoirs-sous-pression-et-sous-vide\\\/reservoirs-verticaux-pour-air-comprime-azote-et-argon\\\/\",\"name\":\"R\u00e9servoir de Paris | R\u00e9servoirs sous pression Land Reko\u00ae\",\"isPartOf\":{\"@id\":\"https:\\\/\\\/landreko.eu\\\/fr\\\/#website\"},\"primaryImageOfPage\":{\"@id\":\"https:\\\/\\\/landreko.eu\\\/fr\\\/notre-offre\\\/reservoirs-sous-pression-et-sous-vide\\\/reservoirs-verticaux-pour-air-comprime-azote-et-argon\\\/#primaryimage\"},\"image\":{\"@id\":\"https:\\\/\\\/landreko.eu\\\/fr\\\/notre-offre\\\/reservoirs-sous-pression-et-sous-vide\\\/reservoirs-verticaux-pour-air-comprime-azote-et-argon\\\/#primaryimage\"},\"thumbnailUrl\":\"https:\\\/\\\/landreko.eu\\\/fr\\\/wp-content\\\/uploads\\\/sites\\\/6\\\/2024\\\/08\\\/Land_reko_zbiorniki_var_j_002.webp\",\"datePublished\":\"2024-07-29T11:10:42+00:00\",\"dateModified\":\"2024-08-29T07:25:36+00:00\",\"description\":\"Land Reko\u00ae fabricant d'\u00e9quipements de sablage et d'appareils sous pression pour air comprim\u00e9, argon et azote | R\u00e9servoir de Paris\",\"breadcrumb\":{\"@id\":\"https:\\\/\\\/landreko.eu\\\/fr\\\/notre-offre\\\/reservoirs-sous-pression-et-sous-vide\\\/reservoirs-verticaux-pour-air-comprime-azote-et-argon\\\/#breadcrumb\"},\"inLanguage\":\"fr-FR\",\"potentialAction\":[{\"@type\":\"ReadAction\",\"target\":[\"https:\\\/\\\/landreko.eu\\\/fr\\\/notre-offre\\\/reservoirs-sous-pression-et-sous-vide\\\/reservoirs-verticaux-pour-air-comprime-azote-et-argon\\\/\"]}]},{\"@type\":\"ImageObject\",\"inLanguage\":\"fr-FR\",\"@id\":\"https:\\\/\\\/landreko.eu\\\/fr\\\/notre-offre\\\/reservoirs-sous-pression-et-sous-vide\\\/reservoirs-verticaux-pour-air-comprime-azote-et-argon\\\/#primaryimage\",\"url\":\"https:\\\/\\\/landreko.eu\\\/fr\\\/wp-content\\\/uploads\\\/sites\\\/6\\\/2024\\\/08\\\/Land_reko_zbiorniki_var_j_002.webp\",\"contentUrl\":\"https:\\\/\\\/landreko.eu\\\/fr\\\/wp-content\\\/uploads\\\/sites\\\/6\\\/2024\\\/08\\\/Land_reko_zbiorniki_var_j_002.webp\",\"width\":800,\"height\":800},{\"@type\":\"BreadcrumbList\",\"@id\":\"https:\\\/\\\/landreko.eu\\\/fr\\\/notre-offre\\\/reservoirs-sous-pression-et-sous-vide\\\/reservoirs-verticaux-pour-air-comprime-azote-et-argon\\\/#breadcrumb\",\"itemListElement\":[{\"@type\":\"ListItem\",\"position\":1,\"name\":\"Strona g\u0142\u00f3wna\",\"item\":\"https:\\\/\\\/landreko.eu\\\/fr\\\/\"},{\"@type\":\"ListItem\",\"position\":2,\"name\":\"Notre offre\",\"item\":\"https:\\\/\\\/landreko.eu\\\/fr\\\/notre-offre\\\/\"},{\"@type\":\"ListItem\",\"position\":3,\"name\":\"R\u00e9servoirs sous pression et sous vide\",\"item\":\"https:\\\/\\\/landreko.eu\\\/fr\\\/notre-offre\\\/reservoirs-sous-pression-et-sous-vide\\\/\"},{\"@type\":\"ListItem\",\"position\":4,\"name\":\"R\u00e9servoirs verticaux pour l\u2019air comprim\u00e9, l\u2019azote et l\u2019argon\"}]},{\"@type\":\"WebSite\",\"@id\":\"https:\\\/\\\/landreko.eu\\\/fr\\\/#website\",\"url\":\"https:\\\/\\\/landreko.eu\\\/fr\\\/\",\"name\":\"Land Reko Fabricant de machines de grenaillage et de r\u00e9servoirs sous pression\",\"description\":\"\",\"potentialAction\":[{\"@type\":\"SearchAction\",\"target\":{\"@type\":\"EntryPoint\",\"urlTemplate\":\"https:\\\/\\\/landreko.eu\\\/fr\\\/?s={search_term_string}\"},\"query-input\":{\"@type\":\"PropertyValueSpecification\",\"valueRequired\":true,\"valueName\":\"search_term_string\"}}],\"inLanguage\":\"fr-FR\"}]}<\/script>\n<!-- \/ Yoast SEO Premium plugin. -->","yoast_head_json":{"title":"R\u00e9servoir de Paris | R\u00e9servoirs sous pression Land Reko\u00ae","description":"Land Reko\u00ae fabricant d'\u00e9quipements de sablage et d'appareils sous pression pour air comprim\u00e9, argon et azote | R\u00e9servoir de Paris","robots":{"index":"index","follow":"follow","max-snippet":"max-snippet:-1","max-image-preview":"max-image-preview:large","max-video-preview":"max-video-preview:-1"},"canonical":"https:\/\/landreko.eu\/fr\/notre-offre\/reservoirs-sous-pression-et-sous-vide\/reservoirs-verticaux-pour-air-comprime-azote-et-argon\/","og_locale":"fr_FR","og_type":"article","og_title":"R\u00e9servoirs verticaux pour l\u2019air comprim\u00e9, l\u2019azote et l\u2019argon","og_description":"Land Reko\u00ae fabricant d'\u00e9quipements de sablage et d'appareils sous pression pour air comprim\u00e9, argon et azote | R\u00e9servoir de Paris","og_url":"https:\/\/landreko.eu\/fr\/notre-offre\/reservoirs-sous-pression-et-sous-vide\/reservoirs-verticaux-pour-air-comprime-azote-et-argon\/","og_site_name":"Land Reko Fabricant de machines de grenaillage et de r\u00e9servoirs sous pression","article_modified_time":"2024-08-29T07:25:36+00:00","og_image":[{"width":800,"height":800,"url":"https:\/\/landreko.eu\/fr\/wp-content\/uploads\/sites\/6\/2024\/08\/Land_reko_zbiorniki_var_j_002.webp","type":"image\/webp"}],"twitter_card":"summary_large_image","twitter_misc":{"Dur\u00e9e de lecture estim\u00e9e":"1 minute"},"schema":{"@context":"https:\/\/schema.org","@graph":[{"@type":"WebPage","@id":"https:\/\/landreko.eu\/fr\/notre-offre\/reservoirs-sous-pression-et-sous-vide\/reservoirs-verticaux-pour-air-comprime-azote-et-argon\/","url":"https:\/\/landreko.eu\/fr\/notre-offre\/reservoirs-sous-pression-et-sous-vide\/reservoirs-verticaux-pour-air-comprime-azote-et-argon\/","name":"R\u00e9servoir de Paris | R\u00e9servoirs sous pression Land Reko\u00ae","isPartOf":{"@id":"https:\/\/landreko.eu\/fr\/#website"},"primaryImageOfPage":{"@id":"https:\/\/landreko.eu\/fr\/notre-offre\/reservoirs-sous-pression-et-sous-vide\/reservoirs-verticaux-pour-air-comprime-azote-et-argon\/#primaryimage"},"image":{"@id":"https:\/\/landreko.eu\/fr\/notre-offre\/reservoirs-sous-pression-et-sous-vide\/reservoirs-verticaux-pour-air-comprime-azote-et-argon\/#primaryimage"},"thumbnailUrl":"https:\/\/landreko.eu\/fr\/wp-content\/uploads\/sites\/6\/2024\/08\/Land_reko_zbiorniki_var_j_002.webp","datePublished":"2024-07-29T11:10:42+00:00","dateModified":"2024-08-29T07:25:36+00:00","description":"Land Reko\u00ae fabricant d'\u00e9quipements de sablage et d'appareils sous pression pour air comprim\u00e9, argon et azote | R\u00e9servoir de Paris","breadcrumb":{"@id":"https:\/\/landreko.eu\/fr\/notre-offre\/reservoirs-sous-pression-et-sous-vide\/reservoirs-verticaux-pour-air-comprime-azote-et-argon\/#breadcrumb"},"inLanguage":"fr-FR","potentialAction":[{"@type":"ReadAction","target":["https:\/\/landreko.eu\/fr\/notre-offre\/reservoirs-sous-pression-et-sous-vide\/reservoirs-verticaux-pour-air-comprime-azote-et-argon\/"]}]},{"@type":"ImageObject","inLanguage":"fr-FR","@id":"https:\/\/landreko.eu\/fr\/notre-offre\/reservoirs-sous-pression-et-sous-vide\/reservoirs-verticaux-pour-air-comprime-azote-et-argon\/#primaryimage","url":"https:\/\/landreko.eu\/fr\/wp-content\/uploads\/sites\/6\/2024\/08\/Land_reko_zbiorniki_var_j_002.webp","contentUrl":"https:\/\/landreko.eu\/fr\/wp-content\/uploads\/sites\/6\/2024\/08\/Land_reko_zbiorniki_var_j_002.webp","width":800,"height":800},{"@type":"BreadcrumbList","@id":"https:\/\/landreko.eu\/fr\/notre-offre\/reservoirs-sous-pression-et-sous-vide\/reservoirs-verticaux-pour-air-comprime-azote-et-argon\/#breadcrumb","itemListElement":[{"@type":"ListItem","position":1,"name":"Strona g\u0142\u00f3wna","item":"https:\/\/landreko.eu\/fr\/"},{"@type":"ListItem","position":2,"name":"Notre offre","item":"https:\/\/landreko.eu\/fr\/notre-offre\/"},{"@type":"ListItem","position":3,"name":"R\u00e9servoirs sous pression et sous vide","item":"https:\/\/landreko.eu\/fr\/notre-offre\/reservoirs-sous-pression-et-sous-vide\/"},{"@type":"ListItem","position":4,"name":"R\u00e9servoirs verticaux pour l\u2019air comprim\u00e9, l\u2019azote et l\u2019argon"}]},{"@type":"WebSite","@id":"https:\/\/landreko.eu\/fr\/#website","url":"https:\/\/landreko.eu\/fr\/","name":"Land Reko Fabricant de machines de grenaillage et de r\u00e9servoirs sous pression","description":"","potentialAction":[{"@type":"SearchAction","target":{"@type":"EntryPoint","urlTemplate":"https:\/\/landreko.eu\/fr\/?s={search_term_string}"},"query-input":{"@type":"PropertyValueSpecification","valueRequired":true,"valueName":"search_term_string"}}],"inLanguage":"fr-FR"}]}},"_links":{"self":[{"href":"https:\/\/landreko.eu\/fr\/wp-json\/wp\/v2\/pages\/614","targetHints":{"allow":["GET"]}}],"collection":[{"href":"https:\/\/landreko.eu\/fr\/wp-json\/wp\/v2\/pages"}],"about":[{"href":"https:\/\/landreko.eu\/fr\/wp-json\/wp\/v2\/types\/page"}],"author":[{"embeddable":true,"href":"https:\/\/landreko.eu\/fr\/wp-json\/wp\/v2\/users\/3"}],"replies":[{"embeddable":true,"href":"https:\/\/landreko.eu\/fr\/wp-json\/wp\/v2\/comments?post=614"}],"version-history":[{"count":4,"href":"https:\/\/landreko.eu\/fr\/wp-json\/wp\/v2\/pages\/614\/revisions"}],"predecessor-version":[{"id":2908,"href":"https:\/\/landreko.eu\/fr\/wp-json\/wp\/v2\/pages\/614\/revisions\/2908"}],"up":[{"embeddable":true,"href":"https:\/\/landreko.eu\/fr\/wp-json\/wp\/v2\/pages\/609"}],"wp:featuredmedia":[{"embeddable":true,"href":"https:\/\/landreko.eu\/fr\/wp-json\/wp\/v2\/media\/2900"}],"wp:attachment":[{"href":"https:\/\/landreko.eu\/fr\/wp-json\/wp\/v2\/media?parent=614"}],"curies":[{"name":"wp","href":"https:\/\/api.w.org\/{rel}","templated":true}]}}